{"id":716,"date":"2023-11-14T11:41:09","date_gmt":"2023-11-14T11:41:09","guid":{"rendered":"https:\/\/www.aktywnesuwalki.pl\/index.php\/mesmerize\/"},"modified":"2026-04-10T09:56:53","modified_gmt":"2026-04-10T09:56:53","slug":"mesmerize","status":"publish","type":"page","link":"https:\/\/www.aktywnesuwalki.pl\/","title":{"rendered":"Front Page"},"content":{"rendered":"<div  id=\"overlappable-4\" style=\"background-color: #ffffff;\" data-label=\"Overlappable\" data-id=\"overlappable-4\" data-export-id=\"overlappable-4\" data-category=\"overlappable\" class=\"overlappable-4 content-section content-section-spacing\" data-overlap=\"true\"><div  class=\"gridContainer\"> <div  data-type=\"row\" class=\"row spaced-cols text-center\"><div  class=\"col-xs-12 col-sm-4 col-padding\"> <a  data-cp-link=\"1\" href=\"#\" target=\"_self\"><i  class=\"fa icon shadow-large-black aligncenter color1 fa-fort-awesome reverse round large\"><\/i><\/a> <div  data-type=\"column\" class=\"\"> <h5  class=\"\">EVENTY TEMATYCZNE<\/h5> <p  class=\"\">Zarezerwujcie sw\u00f3j czas na nasze spotkanie, nie mo\u017ce Was tam zabrakn\u0105\u0107! Razem stworzymy niepowtarzaln\u0105 atmosfer\u0119, w kt\u00f3rej b\u0119dziecie mog\u0142y cieszy\u0107 si\u0119 ka\u017cd\u0105 chwil\u0105 i tworzy\u0107 niezapomniane wspomnienia.<\/p><a  class=\"link\" href=\"https:\/\/www.aktywnesuwalki.pl\/index.php\/szkolenie-wakeboard-suwalki\" target=\"_self\" data-cp-link=\"1\" rel=\"noopener\">wi\u0119cej\u2026<\/a><\/div> <\/div> <div  class=\"col-xs-12 col-sm-4 col-padding\"> <i  class=\"fa icon shadow-large-black aligncenter color1 fa-angellist reverse round large\"><\/i> <div  data-type=\"column\" class=\"\"><h5  class=\"\">LETNIE I ZIMOWE CAMPY<\/h5> <p  class=\"\">Wszystkie nasze obozy odbywaj\u0105 si\u0119 w ciep\u0142ej i przyjaznej atmosferze, pod opiek\u0105 do\u015bwiadczonych instruktor\u00f3w i w \u015bwietnie wyposa\u017conych o\u015brodkach wypoczynkowych. Nasze obozy dla dzieci s\u0105 dedykowane dla dzieci i m\u0142odzie\u017cy w r\u00f3\u017cnym wieku, dlatego znajdziesz u nas ofert\u0119 zar\u00f3wno dla najm\u0142odszych, jak i dla starszych uczestnik\u00f3w.<\/p><a  class=\"link\" href=\"https:\/\/www.aktywnesuwalki.pl\/index.php\/obozy-letnie-i-zimowe\" target=\"_self\" data-cp-link=\"1\" rel=\"noopener\">wi\u0119cej\u2026<\/a><\/div> <\/div> <div  class=\"col-xs-12 col-sm-4 col-padding\"> <i  class=\"fa icon shadow-large-black aligncenter color1 fa-hand-rock-o reverse round large\"><\/i> <div  data-type=\"column\" class=\"\"><h5  class=\"\">BI\u0141BAK FIGHT CLUB<\/h5> <p  class=\"\">Zarezerwujcie sw\u00f3j czas na nasze spotkanie, nie mo\u017ce Was tam zabrakn\u0105\u0107! Razem stworzymy niepowtarzaln\u0105 atmosfer\u0119, w kt\u00f3rej b\u0119dziecie mog\u0142y cieszy\u0107 si\u0119 ka\u017cd\u0105 chwil\u0105 i tworzy\u0107 niezapomniane wspomnienia.<\/p><a  class=\"link\" href=\"https:\/\/www.aktywnesuwalki.pl\/index.php\/aktywna-sobota\" target=\"_self\" data-cp-link=\"1\" rel=\"noopener\">wi\u0119cej\u2026<\/a><\/div> <\/div><\/div> <\/div><\/div><div  id=\"about-1\" style=\"background-color: #f5fafd;\" data-label=\"About\" data-id=\"about-1\" data-export-id=\"about-1\" data-category=\"about\" class=\"about-1 content-section\"><div  class=\"gridContainer\"> <div  class=\"row text-center\"><div  class=\"section-title-col\" data-type=\"column\"> <h5  class=\"\">AKTYWNE SUWA\u0141KI<\/h5> <h2  class=\"\">NIEZAPOMNIANIE PRZYGODY W SUWA\u0141KACH \u2013 WYRUSZ W FASCYNUJ\u0104C\u0104 PODR\u00d3\u017b DO ODKRYWANIA SIEBIE I \u015aWIATA!<\/h2> <p  class=\"lead\">Jeste\u015bmy dynamicznym centrum aktywno\u015bci, kt\u00f3re oferuje r\u00f3\u017cnorodne formy szkole\u0144 i aktywno\u015bci dla os\u00f3b w ka\u017cdym wieku. Je\u015bli szukasz niezapomnianych przyg\u00f3d i mo\u017cliwo\u015bci rozwijania swoich umiej\u0119tno\u015bci, jeste\u015b we w\u0142a\u015bciwym miejscu!<\/p><\/div> <\/div> <div  class=\"row\"> <div  class=\"button-holder space-bottom space-bottom-small\" data-type=\"column\"> <a  class=\"button color1\" href=\"https:\/\/www.aktywnesuwalki.pl\/index.php\/o-nas\" target=\"_self\" data-cp-link=\"1\" rel=\"noopener\">O nas<\/a><\/div> <div  class=\"col-xs bottom-xs flexbox image-group-bottom-3-img space-bottom-xs center-xs\"> <img  decoding=\"async\" class=\"left-img shadow-large-black\" data-size=\"500x300\" src=\"http:\/\/www.aktywnesuwalki.pl\/wp-content\/uploads\/2023\/07\/cropped-P5022845-scaled-1.jpg\" title=\"OLYMPUS DIGITAL CAMERA\" alt=\"\"> <img  decoding=\"async\" class=\"center-img shadow-large-black\" data-size=\"500x300\" src=\"http:\/\/www.aktywnesuwalki.pl\/wp-content\/uploads\/2023\/10\/cropped-P2120928-scaled-1.jpg\" title=\"OLYMPUS DIGITAL CAMERA\" alt=\"\"> <img  decoding=\"async\" class=\"right-img shadow-large-black\" data-size=\"500x300\" src=\"http:\/\/www.aktywnesuwalki.pl\/wp-content\/uploads\/2023\/11\/cropped-P2211944-scaled-1.jpg\" title=\"OLYMPUS DIGITAL CAMERA\" alt=\"\"><\/div> <\/div><\/div> <\/div><div  id=\"features-3\" style=\"background-color: #ffffff;\" data-label=\"Features\" data-id=\"features-12-card-bordered\" data-export-id=\"features-12-card-bordered\" data-category=\"features\" class=\"features-12-card-bordered content-section content-section-spacing \"><div  class=\"gridContainer\"> <div  class=\"row text-center\"><div  class=\"section-title-col\" data-type=\"column\"> <h2  class=\"\">Aktualne wydarzenia<\/h2> <p  class=\"lead\">Do\u0142\u0105czcie do nas, czeka na Was wiele wspania\u0142ych emocji i niespodzianek! <\/p><\/div> <\/div> <div  class=\"row spaced-cols\" data-type=\"row\"> <div  class=\"col-sm-6\"> <div  class=\"card row-card bordered y-move\"> <div  class=\"row\"> <div  class=\"col-sm-fit icon-column\"> <i  class=\"fa icon color2 fa-hand-o-right bordered round\"><\/i> <\/div> <div  class=\"col-sm\" data-type=\"column\"> <h5  class=\"color2\">AKTYWNA SOBOTA<\/h5> <p  class=\"\">Przygotujcie si\u0119 na wspania\u0142\u0105 przygod\u0119 z Aktywnymi Suwa\u0142kami! Zapraszamy Was na Aktywn\u0105 Sobot\u0119 w Suwa\u0142kach, kt\u00f3ra b\u0119dzie odbywa\u0107 si\u0119 cyklicznie, raz w miesi\u0105cu, a\u017c do pocz\u0105tku wakacji! <\/p><a  class=\"link\" href=\"https:\/\/www.aktywnesuwalki.pl\/index.php\/aktywna-sobota\" target=\"_self\" data-cp-link=\"1\" rel=\"noopener\">wi\u0119cej\u2026<\/a><\/div> <\/div><\/div> <\/div> <div  class=\"col-sm-6\"> <div  class=\"card row-card bordered y-move\"> <div  class=\"row\"> <div  class=\"col-sm-fit icon-column\"> <i  class=\"fa icon color2 fa-hand-o-right bordered round\"><\/i> <\/div> <div  class=\"col-sm\" data-type=\"column\"> <h5  class=\"color2\">OBOZY LETNIE<\/h5> <p  class=\"\">Je\u015bli szukacie idealnej formy letniej zabawy dla Waszych dzieci, to jeste\u015bcie we w\u0142a\u015bciwym miejscu. Nasze obozy letnie 2025 w Suwa\u0142kach to doskona\u0142a okazja dla m\u0142odych odkrywc\u00f3w, by sp\u0119dzi\u0107 czas w ciekawy i rozwijaj\u0105cy spos\u00f3b.<\/p><a  class=\"link\" href=\"https:\/\/www.aktywnesuwalki.pl\/index.php\/obozy-letnie-i-zimowe\" target=\"_self\" data-cp-link=\"1\" rel=\"noopener\">wi\u0119cej\u2026<\/a><\/div> <\/div><\/div> <\/div><div  class=\"col-sm-6\"> <div  class=\"card row-card bordered y-move\"> <div  class=\"row\"> <div  class=\"col-sm-fit icon-column\"> <i  class=\"fa icon color2 fa-hand-o-right bordered round\"><\/i> <\/div> <div  class=\"col-sm\" data-type=\"column\"> <h5  class=\"color2\">P\u00d3\u0141KOLONIE LETNIE<\/h5> <p  class=\"\">Je\u015bli szukacie idealnej formy letniej zabawy dla Waszych dzieci, to jeste\u015bcie we w\u0142a\u015bciwym miejscu. Nasze p\u00f3\u0142kolonie letnie 2025 w Suwa\u0142kach to doskona\u0142a okazja dla m\u0142odych odkrywc\u00f3w, by sp\u0119dzi\u0107 czas w ciekawy i rozwijaj\u0105cy spos\u00f3b.<\/p><a  class=\"link\" href=\"https:\/\/www.aktywnesuwalki.pl\/index.php\/polkolonie-letnie-2025-suwalki\" target=\"_self\" data-cp-link=\"1\" rel=\"noopener\">wi\u0119cej\u2026<\/a><\/div> <\/div><\/div> <\/div>  <div  class=\"col-sm-6\"> <div  class=\"card row-card bordered y-move\"> <div  class=\"row\"> <div  class=\"col-sm-fit icon-column\"> <i  class=\"fa icon color2 fa-hand-o-right bordered round\"><\/i> <\/div> <div  class=\"col-sm\" data-type=\"column\"> <h5  class=\"color2\">SZKOLENIE WAKEBOARD<\/h5> <p  class=\"\">Przygotuj si\u0119 na niezapomnian\u0105 przygod\u0119, kt\u00f3ra otworzy przed Tob\u0105 nowe horyzonty na wyci\u0105gu nart wodnych i wakeboardu w Szelmencie! Skontaktuj si\u0119 z nami ju\u017c dzi\u015b i zarezerwuj swoje szkolenie wakeboardowe. Czekamy na Ciebie, aby razem wp\u0142yn\u0105\u0107 na fal\u0119 ekscytacji i adrenaliny!<\/p><a  class=\"link\" href=\"https:\/\/www.aktywnesuwalki.pl\/index.php\/szkolenie-snowboard-suwalki\" target=\"_self\" data-cp-link=\"1\" rel=\"noopener\">wi\u0119cej\u2026<\/a><\/div> <\/div><\/div> <\/div><\/div> <\/div><\/div><div  id=\"content-13\" style=\"background-color: #f5fafd;\" data-label=\"Content\" data-id=\"content-2\" data-export-id=\"content-2\" data-category=\"content\" class=\"content-2 content-section content-section-spacing\"><div > <div  class=\"row middle-xs\"><div  class=\"col-sm-5 bg-image shadow-large-black\" data-bg=\"image\" style=\"background-image: url(&quot;http:\/\/www.aktywnesuwalki.pl\/wp-content\/uploads\/2023\/07\/cropped-P5033141-scaled-1.jpg&quot;);\"><\/div> <div  class=\"col-sm-7 full-col-left-padding full-col-right-padding\"> <div  class=\"row\"> <div  data-type=\"column\" class=\"space-bottom-small content-title-col\"> <h5  class=\"\">AKTYWNE SUWA\u0141KI<\/h5> <h2  class=\"\">Z nami odkryjesz nowe pasje<\/h2> <p  class=\"\">\u017bycie bez pasji jest puste i smutne, warto robi\u0107 to, co kochamy i lubimy. Czasem jednak brakuje nam pomys\u0142\u00f3w, motywacji, a moze po prostu boimy si\u0119 spr\u00f3bowa\u0107 czego\u015b nowego. Czas to zmieni\u0107!&nbsp;<\/p><\/div> <\/div> <div  class=\"row spaced-cols \" data-type=\"row\"> <div  class=\"col-xs-6\" data-type=\"column\"> <h5  class=\"\">INDYWIDUALNE PODEJ\u015aCIE<\/h5> <p  class=\"\">W naszym podej\u015bciu do nauczania k\u0142adziemy ogromny nacisk na indywidualno\u015b\u0107 i dostosowanie si\u0119 do potrzeb ka\u017cdego ucznia. Wiemy, \u017ce ka\u017cda osoba ma sw\u00f3j w\u0142asny styl uczenia si\u0119, tempo rozwoju i cele, dlatego staramy si\u0119 stworzy\u0107 \u015brodowisko, w kt\u00f3rym ka\u017cdy mo\u017ce osi\u0105gn\u0105\u0107 sukces.<\/p><\/div> <div  class=\"col-xs-6\" data-type=\"column\"><h5  class=\"\">CIERPLIWO\u015a\u0106<\/h5> <p  class=\"\">Cierpliwo\u015b\u0107 odgrywa kluczow\u0105 rol\u0119 w procesie nauczania i jest niezwykle wa\u017cna dla skutecznej i efektywnej edukacji. W naszym podej\u015bciu do nauczania stawiamy du\u017cy nacisk na wykazanie cierpliwo\u015bci wobec naszych uczni\u00f3w.<\/p><\/div> <div  class=\"col-xs-6\" data-type=\"column\"><h5  class=\"\">ZAANGA\u017bOWANIE<\/h5> <p  class=\"\">Zaanga\u017cowanie w nauczaniu jest kluczowe dla stworzenia skutecznego i inspiruj\u0105cego \u015brodowiska edukacyjnego. Jako nauczyciele, k\u0142adziemy du\u017cy nacisk na rozwijanie zaanga\u017cowania uczni\u00f3w.<\/p><\/div> <div  class=\"col-xs-6\" data-type=\"column\"><h5  class=\"\">BEZPIECZE\u0143STWO<\/h5> <p  class=\"\">Zar\u00f3wno dla nas, jak i dla naszych instruktor\u00f3w \u2013 obozy, szkolenia czy eventy to nie tylko super zabawa, ale i bezpiecze\u0144stwo dzieci, kt\u00f3re jest priorytetem.<\/p><\/div> <\/div><\/div> <\/div><\/div> <\/div><div  id=\"portfolio-3\" style=\"background-color: rgb(255, 255, 255); background-image: none;\" data-label=\"Portfolio\" data-id=\"portfolio-4\" data-export-id=\"portfolio-4\" data-category=\"portfolio\" class=\"portfolio-4 content-section content-section-spacing-top\"><div  class=\"\"> <div  class=\"row text-center\"><div  class=\"section-title-col\" data-type=\"column\"> <h2  class=\"\">Foto z naszych event\u00f3w<\/h2> <p  class=\"lead\">Zobacz jak \u015bwietnie si\u0119 bawili\u015bmy podczas naszych szkole\u0144, oboz\u00f3w i event\u00f3w<\/p><\/div> <\/div> <div  data-type=\"row\" class=\"row\" data-fixed=\"true\"> <div  class=\"col-xs-12 col-sm-3 no-gutter-col\"> <div  class=\"contentswap-effect\" data-hover-fx=\"portfolio-4\"> <div  class=\"initial-image\"> <img  decoding=\"async\" data-size=\"542x360\" src=\"http:\/\/www.aktywnesuwalki.pl\/wp-content\/uploads\/2023\/11\/cropped-P6280388-scaled-1.jpg\"><\/div> <div  class=\"overlay bg-color1\"><\/div> <div  class=\"swap-inner col-xs-12\"> <div  class=\"row full-height-row middle-xs middle-sm\"> <div  class=\"col-xs-12 text-center content-holder\"> <a  href=\"#\" target=\"_self\" rel=\"noopener\"><i  class=\"fa icon portfolio-icon fa-search small\" aria-hidden=\"true\"><\/i><\/a><\/div> <\/div><\/div> <\/div><\/div> <div  class=\"col-xs-12 col-sm-3 no-gutter-col\"><div  class=\"contentswap-effect\" data-hover-fx=\"portfolio-4\"> <div  class=\"initial-image\"> <img  decoding=\"async\" data-size=\"542x360\" src=\"http:\/\/www.aktywnesuwalki.pl\/wp-content\/uploads\/2023\/07\/cropped-cropped-P5033141-scaled-1.jpg\"><\/div> <div  class=\"overlay bg-color1\"><\/div> <div  class=\"swap-inner col-xs-12\"> <div  class=\"row full-height-row middle-xs middle-sm\"> <div  class=\"col-xs-12 text-center content-holder\"> <a  href=\"#\" target=\"_self\" rel=\"noopener\"><i  class=\"fa icon portfolio-icon fa-search small\" aria-hidden=\"true\"><\/i><\/a><\/div> <\/div><\/div> <\/div><\/div> <div  class=\"col-xs-12 col-sm-3 no-gutter-col\"><div  class=\"contentswap-effect\" data-hover-fx=\"portfolio-4\"> <div  class=\"initial-image\"> <img  decoding=\"async\" data-size=\"542x360\" src=\"http:\/\/www.aktywnesuwalki.pl\/wp-content\/uploads\/2023\/11\/cropped-P2211996-scaled-1.jpg\"><\/div> <div  class=\"overlay bg-color1\"><\/div> <div  class=\"swap-inner col-xs-12\"> <div  class=\"row full-height-row middle-xs middle-sm\"> <div  class=\"col-xs-12 text-center content-holder\"> <a  href=\"#\" target=\"_self\" rel=\"noopener\"><i  class=\"fa icon portfolio-icon fa-search small\" aria-hidden=\"true\"><\/i><\/a><\/div> <\/div><\/div> <\/div><\/div> <div  class=\"col-xs-12 col-sm-3 no-gutter-col\"><div  class=\"contentswap-effect\" data-hover-fx=\"portfolio-4\"> <div  class=\"initial-image\"> <img  decoding=\"async\" data-size=\"542x360\" src=\"http:\/\/www.aktywnesuwalki.pl\/wp-content\/uploads\/2023\/10\/cropped-cropped-P2120928-scaled-1.jpg\"><\/div> <div  class=\"overlay bg-color1\"><\/div> <div  class=\"swap-inner col-xs-12\"> <div  class=\"row full-height-row middle-xs middle-sm\"> <div  class=\"col-xs-12 text-center content-holder\"> <a  href=\"#\" target=\"_self\" rel=\"noopener\"><i  class=\"fa icon portfolio-icon fa-search small\" aria-hidden=\"true\"><\/i><\/a><\/div> <\/div><\/div> <\/div><\/div> <div  class=\"col-xs-12 col-sm-3 no-gutter-col\"><div  class=\"contentswap-effect\" data-hover-fx=\"portfolio-4\"> <div  class=\"initial-image\"> <img  decoding=\"async\" data-size=\"542x360\" src=\"http:\/\/www.aktywnesuwalki.pl\/wp-content\/uploads\/2023\/11\/cropped-P2201715-scaled-1.jpg\"><\/div> <div  class=\"overlay bg-color1\"><\/div> <div  class=\"swap-inner col-xs-12\"> <div  class=\"row full-height-row middle-xs middle-sm\"> <div  class=\"col-xs-12 text-center content-holder\"> <a  href=\"#\" target=\"_self\" rel=\"noopener\"><i  class=\"fa icon portfolio-icon fa-search small\" aria-hidden=\"true\"><\/i><\/a><\/div> <\/div><\/div> <\/div><\/div> <div  class=\"col-xs-12 col-sm-3 no-gutter-col\"><div  class=\"contentswap-effect\" data-hover-fx=\"portfolio-4\"> <div  class=\"initial-image\"> <img  decoding=\"async\" data-size=\"542x360\" src=\"http:\/\/www.aktywnesuwalki.pl\/wp-content\/uploads\/2023\/07\/cropped-P5022818-scaled-1.jpg\"><\/div> <div  class=\"overlay bg-color1\"><\/div> <div  class=\"swap-inner col-xs-12\"> <div  class=\"row full-height-row middle-xs middle-sm\"> <div  class=\"col-xs-12 text-center content-holder\"> <a  href=\"#\" target=\"_self\" rel=\"noopener\"><i  class=\"fa icon portfolio-icon fa-search small\" aria-hidden=\"true\"><\/i><\/a><\/div> <\/div><\/div> <\/div><\/div> <div  class=\"col-xs-12 col-sm-3 no-gutter-col\"><div  class=\"contentswap-effect\" data-hover-fx=\"portfolio-4\"> <div  class=\"initial-image\"> <img  decoding=\"async\" data-size=\"542x360\" src=\"http:\/\/www.aktywnesuwalki.pl\/wp-content\/uploads\/2023\/07\/cropped-P1120069-scaled-2.jpg\"><\/div> <div  class=\"overlay bg-color1\"><\/div> <div  class=\"swap-inner col-xs-12\"> <div  class=\"row full-height-row middle-xs middle-sm\"> <div  class=\"col-xs-12 text-center content-holder\"> <a  href=\"#\" target=\"_self\" rel=\"noopener\"><i  class=\"fa icon portfolio-icon fa-search small\" aria-hidden=\"true\"><\/i><\/a><\/div> <\/div><\/div> <\/div><\/div> <div  class=\"col-xs-12 col-sm-3 no-gutter-col\"><div  class=\"contentswap-effect\" data-hover-fx=\"portfolio-4\"> <div  class=\"initial-image\"> <img  decoding=\"async\" data-size=\"542x360\" src=\"http:\/\/www.aktywnesuwalki.pl\/wp-content\/uploads\/2023\/11\/cropped-P2232075-scaled-1.jpg\"><\/div> <div  class=\"overlay bg-color1\"><\/div> <div  class=\"swap-inner col-xs-12\"> <div  class=\"row full-height-row middle-xs middle-sm\"> <div  class=\"col-xs-12 text-center content-holder\"> <a  href=\"#\" target=\"_self\" rel=\"noopener\"><i  class=\"fa icon portfolio-icon fa-search small\" aria-hidden=\"true\"><\/i><\/a><\/div> <\/div><\/div> <\/div><\/div> <\/div><\/div> <\/div><div  id=\"testimonials-5\" style=\"background-color: rgb(245, 250, 253); background-image: none;\" data-label=\"Testimonials\" data-id=\"testimonials-5\" data-export-id=\"testimonials-5\" data-category=\"testimonials\" class=\"testimonials-5 content-section content-section-spacing\"><div  class=\"gridContainer\"> <div  class=\"row\"><div  data-type=\"column\" class=\"section-title-col\"> <h2  class=\"\">Co o nas pisz\u0105:<\/h2> <p  class=\"lead\">Nie musisz nam wierzy\u0107 na s\u0142owo \u2013 sprawd\u017a co pisali o nas Ci, kt\u00f3rzy nam zaufali:<\/p><\/div> <\/div> <div  class=\"row spaced-cols content-center-sm\" data-type=\"row\"> <div  class=\"col-xs-12 col-sm-6 col-md-4\"> <div  class=\"card y-move bordered\" data-type=\"column\"> <i  class=\"fa fa-quote-right icon color1 small quotation-icon\"><\/i> <p  class=\"text-center\">Super ekipa. Pe\u0142ne zaufanie do opiekun\u00f3w. Czekamy z niecierpliwo\u015bci\u0105 na nast\u0119pne spotkania.<\/p>  <h6  class=\"\">Marzena<\/h6> <\/div> <\/div> <div  class=\"col-xs-12 col-sm-6 col-md-4\"> <div  class=\"card y-move bordered\" data-type=\"column\"> <i  class=\"fa fa-quote-right icon color1 small quotation-icon\"><\/i> <p  class=\"text-center\">Dzi\u0119kujemy bardzo za opiek\u0119, po\u015bwi\u0119cony czas i energi\u0119 oraz prezenty jakie otrzymali\u015bmy. <br >Antek jest zachwycony i czekamy ju\u017c terminu na letnie kolonie.&nbsp;<\/p>  <h6  class=\"\">Anna<\/h6> <\/div> <\/div> <\/div> <\/div><\/div><div  id=\"cta-1\" data-label=\"Cta\" data-id=\"cta-blue-section\" data-export-id=\"cta-blue-section\" data-category=\"cta\" class=\"cta-blue-section content-section content-section-spacing-medium bg-color1 white-text\"><div  class=\"gridContainer\"> <div  class=\"row middle-xs\"><div  class=\"col-sm-8 space-bottom-xs\" data-type=\"column\"> <h2  class=\"\">Zainteresowani? Napiszcie do nas<\/h2> <\/div> <div  class=\"col-sm-4 end-sm\" data-type=\"column\"> <a  class=\"button color2\" href=\"#contact-1\" target=\"_self\" data-cp-link=\"1\" rel=\"noopener\">Kontakt<\/a><\/div> <\/div><\/div> <\/div><div  id=\"contact-1\" data-label=\"Contact\" data-id=\"contact-1\" data-export-id=\"contact-1\" data-category=\"contact\" class=\"contact-1 content-section content-section-spacing white-text\" data-parallax-depth=\"20\" style=\"background-image: url(&quot;http:\/\/www.aktywnesuwalki.pl\/wp-content\/uploads\/2024\/03\/aldain-austria-v0zVmWULYTg-unsplash-scaled.jpg&quot;); background-size: cover; background-position: center top;\"><div  class=\"gridContainer\"> <div  class=\"row text-center\"><div  class=\"section-title-col\" data-type=\"column\"> <h2  class=\"\">Chcesz si\u0119 z nami skontaktowa\u0107?<\/h2> <p  class=\"lead\">Napisz nam o co chcia\u0142by\u015b\/aby\u015b zapyta\u0107 lub zostaw tylko kontakt do siebie. Odezwiemy si\u0119 jak najszybciej<\/p><\/div> <\/div> <div  class=\"row text-center\"> <div  class=\"col-xs-12 col-sm-8 col-sm-offset-2 contact-form-wrapper inline-info\"> <div  class=\"card large-padding\"> <div  class=\"\" data-content-shortcode=\"mesmerize_contact_form shortcode=&quot;wpforms id=&amp;amp;quot;835&amp;amp;quot;&quot;\" data-editable=\"true\"><style id=\"wpforms-css-vars-835\">\n\t\t\t\t#wpforms-835 {\n\t\t\t\t\n\t\t\t}\n\t\t\t<\/style><div class=\"wpforms-container wpforms-container-full wpforms-render-modern\" id=\"wpforms-835\"><form id=\"wpforms-form-835\" class=\"wpforms-validate wpforms-form wpforms-ajax-form\" data-formid=\"835\" method=\"post\" enctype=\"multipart\/form-data\" action=\"\/index.php\/wp-json\/wp\/v2\/pages\/716\" data-token=\"43a7c38a3ceb457e10af160c2a61e240\" data-token-time=\"1776500528\"><noscript class=\"wpforms-error-noscript\">Aby wype\u0142ni\u0107 ten formularz, w\u0142\u0105cz obs\u0142ug\u0119 JavaScript w przegl\u0105darce.<\/noscript><div id=\"wpforms-error-noscript\" style=\"display: none;\">Aby wype\u0142ni\u0107 ten formularz, w\u0142\u0105cz obs\u0142ug\u0119 JavaScript w przegl\u0105darce.<\/div><div class=\"wpforms-field-container\"><div id=\"wpforms-835-field_1-container\" class=\"wpforms-field wpforms-field-name\" data-field-id=\"1\"><fieldset><legend class=\"wpforms-field-label\">Imi\u0119 i nazwisko <span class=\"wpforms-required-label\" aria-hidden=\"true\">*<\/span><\/legend><div class=\"wpforms-field-row wpforms-field-medium\"><div class=\"wpforms-field-row-block wpforms-first wpforms-one-half\"><input type=\"text\" id=\"wpforms-835-field_1\" class=\"wpforms-field-name-first wpforms-field-required\" name=\"wpforms[fields][1][first]\" aria-errormessage=\"wpforms-835-field_1-error\" required><label for=\"wpforms-835-field_1\" class=\"wpforms-field-sublabel after\">Pierwszy<\/label><\/div><div class=\"wpforms-field-row-block wpforms-one-half\"><input type=\"text\" id=\"wpforms-835-field_1-last\" class=\"wpforms-field-name-last wpforms-field-required\" name=\"wpforms[fields][1][last]\" aria-errormessage=\"wpforms-835-field_1-last-error\" required><label for=\"wpforms-835-field_1-last\" class=\"wpforms-field-sublabel after\">Ostatni<\/label><\/div><\/div><\/fieldset><\/div><div id=\"wpforms-835-field_2-container\" class=\"wpforms-field wpforms-field-email\" data-field-id=\"2\"><label class=\"wpforms-field-label\" for=\"wpforms-835-field_2\">Adres e-mail <span class=\"wpforms-required-label\" aria-hidden=\"true\">*<\/span><\/label><input type=\"email\" id=\"wpforms-835-field_2\" class=\"wpforms-field-medium wpforms-field-required\" name=\"wpforms[fields][2]\" spellcheck=\"false\" aria-errormessage=\"wpforms-835-field_2-error\" required><\/div><div id=\"wpforms-835-field_3-container\" class=\"wpforms-field wpforms-field-text\" data-field-id=\"3\"><label class=\"wpforms-field-label\" for=\"wpforms-835-field_3\">Telefon<\/label><input type=\"text\" id=\"wpforms-835-field_3\" class=\"wpforms-field-medium\" name=\"wpforms[fields][3]\" aria-errormessage=\"wpforms-835-field_3-error\" ><\/div><div id=\"wpforms-835-field_4-container\" class=\"wpforms-field wpforms-field-textarea\" data-field-id=\"4\"><label class=\"wpforms-field-label\" for=\"wpforms-835-field_4\">Napisz nam o co chcesz zapyta\u0107<\/label><textarea id=\"wpforms-835-field_4\" class=\"wpforms-field-medium\" name=\"wpforms[fields][4]\" aria-errormessage=\"wpforms-835-field_4-error\" ><\/textarea><\/div><\/div><!-- .wpforms-field-container --><div class=\"wpforms-submit-container\" ><input type=\"hidden\" name=\"wpforms[id]\" value=\"835\"><input type=\"hidden\" name=\"page_title\" value=\"\"><input type=\"hidden\" name=\"page_url\" value=\"https:\/\/www.aktywnesuwalki.pl\/index.php\/wp-json\/wp\/v2\/pages\/716\"><input type=\"hidden\" name=\"url_referer\" value=\"\"><button type=\"submit\" name=\"wpforms[submit]\" id=\"wpforms-submit-835\" class=\"wpforms-submit\" data-alt-text=\"Wysy\u0142anie...\" data-submit-text=\"Prze\u015blij\" aria-live=\"assertive\" value=\"wpforms-submit\">Prze\u015blij<\/button><img decoding=\"async\" src=\"https:\/\/www.aktywnesuwalki.pl\/wp-content\/plugins\/wpforms-lite\/assets\/images\/submit-spin.svg\" class=\"wpforms-submit-spinner\" style=\"display: none;\" width=\"26\" height=\"26\" alt=\"Wczytywanie\"><\/div><\/form><\/div>  <!-- .wpforms-container --><\/div><\/div> <\/div><\/div> <\/div><\/div>","protected":false},"excerpt":{"rendered":"<p>EVENTY TEMATYCZNE Zarezerwujcie sw\u00f3j czas na nasze spotkanie, nie mo\u017ce Was tam zabrakn\u0105\u0107! Razem stworzymy niepowtarzaln\u0105 atmosfer\u0119, w kt\u00f3rej b\u0119dziecie mog\u0142y cieszy\u0107 si\u0119 ka\u017cd\u0105 chwil\u0105 i tworzy\u0107 niezapomniane wspomnienia.wi\u0119cej\u2026 LETNIE I ZIMOWE CAMPY Wszystkie nasze obozy odbywaj\u0105 si\u0119 w ciep\u0142ej i przyjaznej atmosferze, pod opiek\u0105 do\u015bwiadczonych instruktor\u00f3w i w \u015bwietnie wyposa\u017conych o\u015brodkach wypoczynkowych. Nasze obozy&hellip; <br \/> <a class=\"read-more\" href=\"https:\/\/www.aktywnesuwalki.pl\/\">Dowiedz si\u0119 wi\u0119cej<\/a><\/p>\n","protected":false},"author":1,"featured_media":0,"parent":0,"menu_order":0,"comment_status":"closed","ping_status":"closed","template":"page-templates\/homepage.php","meta":{"footnotes":""},"class_list":["post-716","page","type-page","status-publish","hentry"],"_links":{"self":[{"href":"https:\/\/www.aktywnesuwalki.pl\/index.php\/wp-json\/wp\/v2\/pages\/716","targetHints":{"allow":["GET"]}}],"collection":[{"href":"https:\/\/www.aktywnesuwalki.pl\/index.php\/wp-json\/wp\/v2\/pages"}],"about":[{"href":"https:\/\/www.aktywnesuwalki.pl\/index.php\/wp-json\/wp\/v2\/types\/page"}],"author":[{"embeddable":true,"href":"https:\/\/www.aktywnesuwalki.pl\/index.php\/wp-json\/wp\/v2\/users\/1"}],"replies":[{"embeddable":true,"href":"https:\/\/www.aktywnesuwalki.pl\/index.php\/wp-json\/wp\/v2\/comments?post=716"}],"version-history":[{"count":18,"href":"https:\/\/www.aktywnesuwalki.pl\/index.php\/wp-json\/wp\/v2\/pages\/716\/revisions"}],"predecessor-version":[{"id":1756,"href":"https:\/\/www.aktywnesuwalki.pl\/index.php\/wp-json\/wp\/v2\/pages\/716\/revisions\/1756"}],"wp:attachment":[{"href":"https:\/\/www.aktywnesuwalki.pl\/index.php\/wp-json\/wp\/v2\/media?parent=716"}],"curies":[{"name":"wp","href":"https:\/\/api.w.org\/{rel}","templated":true}]}}